{"id":21,"date":"2025-12-03T11:23:44","date_gmt":"2025-12-03T10:23:44","guid":{"rendered":"https:\/\/ns183ashdev.wpenginepowered.com\/?page_id=21"},"modified":"2025-12-19T12:22:39","modified_gmt":"2025-12-19T11:22:39","slug":"vart-erbjudande","status":"publish","type":"page","link":"https:\/\/ashurassistans.se\/ar\/vart-erbjudande\/","title":{"rendered":"\u0639\u0631\u0636\u0646\u0627"},"content":{"rendered":"<div class=\"gb-element-4282a070\">\n<div class=\"container\">\n<div class=\"last-child-mb-0 gb-element-b17fe26c\">\n<p class=\"gb-text mht-subtitle gb-text-f515280e\">\u062e\u062f\u0645\u0627\u062a\u0646\u0627<\/p>\n\n\n\n<h1 class=\"gb-text h4\">\u0645\u0639\u0646\u0627\u060c \u0644\u0646 \u062a\u062d\u0635\u0644 \u0645\u0639\u0646\u0627 \u0639\u0644\u0649 \u0645\u0633\u0627\u0639\u062f \u0641\u062d\u0633\u0628\u060c \u0628\u0644 \u0633\u062a\u062d\u0635\u0644 \u0639\u0644\u0649 \u0641\u0631\u064a\u0642 \u0643\u0627\u0645\u0644 \u064a\u062f\u0639\u0645\u0643. \u0646\u062d\u0646 \u0646\u062c\u0645\u0639 \u0628\u064a\u0646 \u0627\u0644\u0631\u0639\u0627\u064a\u0629 \u0627\u0644\u0634\u062e\u0635\u064a\u0629 \u0648\u0627\u0644\u062e\u0628\u0631\u0629 \u0627\u0644\u0642\u0627\u0646\u0648\u0646\u064a\u0629 \u0644\u0636\u0645\u0627\u0646 \u0633\u064a\u0631 \u0645\u0633\u0627\u0639\u062f\u062a\u0643 \u0628\u0633\u0644\u0627\u0633\u0629 - \u0627\u0644\u064a\u0648\u0645 \u0648\u063a\u062f\u0627\u064b.<\/h1>\n<\/div>\n<\/div>\n<\/div>\n\n\n<section class=\"mht-block mht-block-cards mht-block-cards-056512ee1c90a7d31ba9acea97a4a53a cards-bordered\" style=\"margin-bottom:var(--mht-block-cards-section-margin-bottom)\">\n\n    \n<style id='mht-block-cards-056512ee1c90a7d31ba9acea97a4a53a-vars'>section.mht-block-cards-056512ee1c90a7d31ba9acea97a4a53a{--mht-block-cards-section-margin-bottom:120px;--mht-block-cards-cards-column-gap:0;--mht-block-cards-cards-row-gap:0;--mht-block-cards-card-padding-top:46px;--mht-block-cards-card-padding-right:36px;--mht-block-cards-card-padding-bottom:80px;--mht-block-cards-card-padding-left:36px;--mht-block-cards-card-border-style:none;--mht-block-cards-card-icon-font-size:50px;--mht-block-cards-title-margin-top:71px;--mht-block-cards-title-margin-bottom:16px}@media(max-width:991.98px){section.mht-block-cards-056512ee1c90a7d31ba9acea97a4a53a{--mht-block-cards-section-margin-bottom:100px;--mht-block-cards-cards-column-gap:0;--mht-block-cards-cards-row-gap:0;--mht-block-cards-card-padding-right:24px;--mht-block-cards-card-padding-bottom:60px;--mht-block-cards-card-padding-left:24px;--mht-block-cards-title-margin-top:60px}}<\/style>\n\n    <div class=\"section-rich-bg rich-bg\">\n            <\/div>\n\n    <div class=\"container\">\n        <div class=\"section-content\">\n            <div class=\"section-content--inner\">\n\n                <ul class=\"cards--cards mht-grid-3 mht-grid-m-1\">\n                                            <li class=\"cards--card-item\">\n                                <a class=\"cards--card cards--card-v1\" style=\"padding-top:var(--mht-block-cards-card-padding-top);padding-right:var(--mht-block-cards-card-padding-right);padding-bottom:var(--mht-block-cards-card-padding-bottom);padding-left:var(--mht-block-cards-card-padding-left);border-style:var(--mht-block-cards-card-border-style)\" href=\"https:\/\/ashurassistans.se\/ar\/vart-erbjudande\/personlig-assistans\/\" >\n\n    <div class=\"cards--card--header\">\n        \r\n    <div class=\"cards--card--image image-size-type-fixed image-type-fa_icon\">\r\n        <i class=\"mht-fa-icon fa-duotone fa-solid fa-hand-holding-heart\" style=\"font-size:var(--mht-block-cards-card-icon-font-size)\"><\/i>\r\n    <\/div><!-- .cards--card--image -->\r\n    <\/div><!-- .cards--card--header -->\n\n    <div class=\"cards--card--texts\">\n        <div class=\"cards--card--texts--inner\">\n\n            <div class=\"cards--card--body\">\n                                    <h3 class=\"cards--card--title mht-heading h5\" style=\"margin-top:var(--mht-block-cards-title-margin-top);margin-bottom:var(--mht-block-cards-title-margin-bottom)\">                        \u0627\u0644\u0645\u0633\u0627\u0639\u062f\u0629 \u0627\u0644\u0634\u062e\u0635\u064a\u0629                    <\/h3>                \n                \n                                    <div class=\"cards--card--desc mht-wysiwyg\">\n                        <p>\u062c\u0648\u0647\u0631 \u0639\u0645\u0644\u0646\u0627. \u0646\u0642\u0648\u0645 \u0628\u062a\u0639\u064a\u064a\u0646 \u0645\u0648\u0638\u0641\u064a\u0646 \u064a\u062a\u0646\u0627\u0633\u0628\u0648\u0646 \u0645\u0639 \u0627\u062d\u062a\u064a\u0627\u062c\u0627\u062a\u0643 \u0648\u0644\u063a\u062a\u0643 \u0648\u062b\u0642\u0627\u0641\u062a\u0643. \u062a\u062a\u0644\u0642\u0649 \u0627\u0644\u0645\u0633\u0627\u0639\u062f\u0629 \u0639\u0644\u0649 \u0623\u0633\u0627\u0633 \u0627\u0644\u0627\u062d\u062a\u0631\u0627\u0645 \u0648\u0627\u0644\u062d\u0633\u0627\u0633\u064a\u0629.<\/p>\n                    <\/div>\n                            <\/div><!-- .cards--card--body -->\n\n                            <div class=\"cards--card--footer\">\n                    \n                                <span\n        class=\"btn btn-primary\"\n            >\n\n    <span class=\"btn--text\">\u0627\u0642\u0631\u0623 \u0627\u0644\u0645\u0632\u064a\u062f<\/span>\n\n    <\/span>\n            \n                        <\/div><!-- .cards--card--footer -->\n            \n        <\/div><!-- .cards--card--texts--inner -->\n    <\/div><!-- .cards--card--texts -->\n\n    <\/a>\n                        <\/li>\n                                            <li class=\"cards--card-item\">\n                                <a class=\"cards--card cards--card-v1\" style=\"padding-top:var(--mht-block-cards-card-padding-top);padding-right:var(--mht-block-cards-card-padding-right);padding-bottom:var(--mht-block-cards-card-padding-bottom);padding-left:var(--mht-block-cards-card-padding-left);border-style:var(--mht-block-cards-card-border-style)\" href=\"https:\/\/ashurassistans.se\/ar\/vart-erbjudande\/juridisk-radgivning\/\" >\n\n    <div class=\"cards--card--header\">\n        \r\n    <div class=\"cards--card--image image-size-type-fixed image-type-fa_icon\">\r\n        <i class=\"mht-fa-icon fa-duotone fa-solid fa-comments\" style=\"font-size:var(--mht-block-cards-card-icon-font-size)\"><\/i>\r\n    <\/div><!-- .cards--card--image -->\r\n    <\/div><!-- .cards--card--header -->\n\n    <div class=\"cards--card--texts\">\n        <div class=\"cards--card--texts--inner\">\n\n            <div class=\"cards--card--body\">\n                                    <h3 class=\"cards--card--title mht-heading h5\" style=\"margin-top:var(--mht-block-cards-title-margin-top);margin-bottom:var(--mht-block-cards-title-margin-bottom)\">                        \u0627\u0644\u0645\u0634\u0648\u0631\u0629 \u0627\u0644\u0642\u0627\u0646\u0648\u0646\u064a\u0629                    <\/h3>                \n                \n                                    <div class=\"cards--card--desc mht-wysiwyg\">\n                        <p>\u0646\u062d\u0646 \u0646\u062a\u0648\u0644\u0649 \u0627\u0644\u062d\u0648\u0627\u0631 \u0645\u0639 \u0648\u0643\u0627\u0644\u0629 \u0627\u0644\u062a\u0623\u0645\u064a\u0646\u0627\u062a \u0627\u0644\u0627\u062c\u062a\u0645\u0627\u0639\u064a\u0629 \u0648\u0627\u0644\u0628\u0644\u062f\u064a\u0629 \u0646\u064a\u0627\u0628\u0629\u064b \u0639\u0646\u0643. \u0648\u064a\u0633\u0627\u0639\u062f\u0643 \u062e\u0628\u0631\u0627\u0624\u0646\u0627 \u0641\u064a \u062a\u0642\u062f\u064a\u0645 \u0627\u0644\u0637\u0644\u0628\u0627\u062a \u0648\u0627\u0644\u0637\u0639\u0648\u0646 \u0648\u0636\u0645\u0627\u0646 \u0625\u0639\u0645\u0627\u0644 \u062d\u0642\u0648\u0642\u0643 - \u0645\u062c\u0627\u0646\u064b\u0627.<\/p>\n                    <\/div>\n                            <\/div><!-- .cards--card--body -->\n\n                            <div class=\"cards--card--footer\">\n                    \n                                <span\n        class=\"btn btn-primary\"\n            >\n\n    <span class=\"btn--text\">\u0627\u0642\u0631\u0623 \u0627\u0644\u0645\u0632\u064a\u062f<\/span>\n\n    <\/span>\n            \n                        <\/div><!-- .cards--card--footer -->\n            \n        <\/div><!-- .cards--card--texts--inner -->\n    <\/div><!-- .cards--card--texts -->\n\n    <\/a>\n                        <\/li>\n                                            <li class=\"cards--card-item\">\n                                <a class=\"cards--card cards--card-v1\" style=\"padding-top:var(--mht-block-cards-card-padding-top);padding-right:var(--mht-block-cards-card-padding-right);padding-bottom:var(--mht-block-cards-card-padding-bottom);padding-left:var(--mht-block-cards-card-padding-left);border-style:var(--mht-block-cards-card-border-style)\" href=\"https:\/\/ashurassistans.se\/ar\/vart-erbjudande\/byta-assistansbolag\/\" >\n\n    <div class=\"cards--card--header\">\n        \r\n    <div class=\"cards--card--image image-size-type-fixed image-type-fa_icon\">\r\n        <i class=\"mht-fa-icon fa-duotone fa-solid fa-scale-balanced\" style=\"font-size:var(--mht-block-cards-card-icon-font-size)\"><\/i>\r\n    <\/div><!-- .cards--card--image -->\r\n    <\/div><!-- .cards--card--header -->\n\n    <div class=\"cards--card--texts\">\n        <div class=\"cards--card--texts--inner\">\n\n            <div class=\"cards--card--body\">\n                                    <h3 class=\"cards--card--title mht-heading h5\" style=\"margin-top:var(--mht-block-cards-title-margin-top);margin-bottom:var(--mht-block-cards-title-margin-bottom)\">                        \u062a\u0628\u062f\u064a\u0644 \u0634\u0631\u0643\u0627\u062a \u0627\u0644\u0645\u0633\u0627\u0639\u062f\u0629                    <\/h3>                \n                \n                                    <div class=\"cards--card--desc mht-wysiwyg\">\n                        <p>\u0627\u0644\u062a\u062d\u0648\u064a\u0644 \u0625\u0644\u064a\u0646\u0627 \u0623\u0633\u0647\u0644 \u0645\u0645\u0627 \u062a\u0639\u062a\u0642\u062f. \u0646\u062d\u0646 \u0646\u0647\u062a\u0645 \u0628\u0627\u0644\u0639\u0645\u0644\u064a\u0629 \u0628\u0623\u0643\u0645\u0644\u0647\u0627 - \u0628\u062f\u0621\u0627\u064b \u0645\u0646 \u0625\u0644\u063a\u0627\u0621 \u0645\u0632\u0648\u062f \u0627\u0644\u062e\u062f\u0645\u0629 \u0627\u0644\u0642\u062f\u064a\u0645 \u0648\u062d\u062a\u0649 \u0627\u0644\u062a\u0639\u0627\u0645\u0644 \u0645\u0639 \u0627\u0644\u0633\u0644\u0637\u0627\u062a.<\/p>\n                    <\/div>\n                            <\/div><!-- .cards--card--body -->\n\n                            <div class=\"cards--card--footer\">\n                    \n                                <span\n        class=\"btn btn-primary\"\n            >\n\n    <span class=\"btn--text\">\u0627\u0642\u0631\u0623 \u0627\u0644\u0645\u0632\u064a\u062f<\/span>\n\n    <\/span>\n            \n                        <\/div><!-- .cards--card--footer -->\n            \n        <\/div><!-- .cards--card--texts--inner -->\n    <\/div><!-- .cards--card--texts -->\n\n    <\/a>\n                        <\/li>\n                                    <\/ul>\n\n            <\/div><!-- .section-content-inner -->\n        <\/div><!-- .section-content -->\n    <\/div><!-- .container -->\n\n<\/section>\n\n\n\n<div class=\"container\">\n<div class=\"last-child-mb-0 gb-element-20241c65\">\n<h3 class=\"gb-text gb-text-af9f3c4e\">\u0647\u0644 \u062a\u0631\u064a\u062f \u0645\u0639\u0631\u0641\u0629 \u0627\u0644\u0645\u0632\u064a\u062f\u061f<\/h3>\n\n\n\n<p class=\"gb-text gb-text-9748c2f2\">\u0643\u0644 \u062d\u0627\u0644\u0629 \u0641\u0631\u064a\u062f\u0629 \u0645\u0646 \u0646\u0648\u0639\u0647\u0627. \u0633\u0648\u0627\u0621 \u0643\u0627\u0646\u062a \u0644\u062f\u064a\u0643 \u0623\u0633\u0626\u0644\u0629 \u062d\u0648\u0644 \u0627\u0644\u0645\u0633\u0627\u0626\u0644 \u0627\u0644\u0642\u0627\u0646\u0648\u0646\u064a\u0629 \u0623\u0648 \u0627\u0644\u062a\u0648\u0638\u064a\u0641 \u0623\u0648 \u0643\u064a\u0641\u064a\u0629 \u0625\u062c\u0631\u0627\u0621 \u0627\u0644\u062a\u0628\u062f\u064a\u0644\u060c \u0641\u0646\u062d\u0646 \u0647\u0646\u0627 \u0645\u0646 \u0623\u062c\u0644\u0643. \u0627\u062d\u062c\u0632 \u0627\u0633\u062a\u0634\u0627\u0631\u0629 \u0645\u062c\u0627\u0646\u064a\u0629 \u0648\u0633\u0646\u062c\u062f \u0627\u0644\u062d\u0644 \u0627\u0644\u0645\u0646\u0627\u0633\u0628 \u0645\u0639\u0627\u064b.<\/p>\n\n\n\n<a class=\"gb-text btn btn-arrow\" href=\"https:\/\/ashurassistans.se\/ar\/kontakta-oss\/\">\u062a\u0648\u0627\u0635\u0644 \u0645\u0639\u0646\u0627<\/a>\n<\/div>\n<\/div>\n\n\n\n<div class=\"gb-element-3c297c3d assistansportalen\">\n<div class=\"container\">\n<div class=\"gb-element-622f3bc0\">\n<div class=\"last-child-mb-0 gb-element-fd7689d8\">\n<h3 class=\"gb-text gb-text-16bc3074\">\u0628\u0648\u0627\u0628\u0627\u062a \u0627\u0644\u0645\u0633\u0627\u0639\u062f\u0629<\/h3>\n\n\n\n<p class=\"gb-text gb-text-d91be5d7\">\u0647\u0646\u0627 \u064a\u0645\u0643\u0646\u0643 \u0643\u0639\u0645\u064a\u0644 \u0648\u0645\u0648\u0638\u0641 \u0627\u0644\u062d\u0635\u0648\u0644 \u0639\u0644\u0649 \u0631\u0624\u064a\u0629 \u0643\u0627\u0645\u0644\u0629 \u0644\u0644\u0645\u0633\u0627\u0639\u062f\u0629 \u0645\u0646 \u062e\u0644\u0627\u0644 \u0646\u0638\u0627\u0645\u0646\u0627 AIAI. \u0639\u0631\u0636 \u0627\u0644\u062c\u062f\u0627\u0648\u0644 \u0627\u0644\u0632\u0645\u0646\u064a\u0629 \u0648\u0627\u0644\u0625\u0628\u0644\u0627\u063a \u0639\u0646 \u0627\u0644\u0648\u0642\u062a \u0648\u0627\u0644\u062a\u0648\u0627\u0635\u0644 \u0628\u0623\u0645\u0627\u0646 - \u0643\u0644 \u0630\u0644\u0643 \u0641\u064a \u0645\u0643\u0627\u0646 \u0648\u0627\u062d\u062f \u0644\u062d\u064a\u0627\u0629 \u064a\u0648\u0645\u064a\u0629 \u0623\u0643\u062b\u0631 \u0633\u0644\u0627\u0633\u0629.<\/p>\n<\/div>\n\n\n\n<div class=\"gb-element-368fc57e\">\n<a class=\"gb-text link-arrow gb-text-6b703467\" href=\"https:\/\/app.aiai.se\/login\" target=\"_blank\" rel=\"noopener\">\u062a\u0633\u062c\u064a\u0644 \u0627\u0644\u062f\u062e\u0648\u0644 \u0625\u0644\u0649<\/a>\n\n\n\n<a href=\"https:\/\/app.aiai.se\/login\" target=\"_blank\" rel=\"noopener\"><img loading=\"lazy\" decoding=\"async\" width=\"137\" height=\"43\" class=\"gb-media-4c2a75d5\" alt=\"\" src=\"https:\/\/ashurassistans.se\/wp-content\/uploads\/2025\/12\/aiai_logotyp_RGB_svart.svg\"\/><\/a>\n<\/div>\n<\/div>\n<\/div>\n<\/div>","protected":false},"excerpt":{"rendered":"<p>\u062e\u062f\u0645\u0627\u062a\u0646\u0627 \u0645\u0639\u0646\u0627\u060c \u0644\u0646 \u062a\u062d\u0635\u0644 \u0645\u0639\u0646\u0627 \u0639\u0644\u0649 \u0645\u062c\u0631\u062f \u0645\u0633\u0627\u0639\u062f\u060c \u0628\u0644 \u0633\u062a\u062d\u0635\u0644 \u0639\u0644\u0649 \u0641\u0631\u064a\u0642 \u0643\u0627\u0645\u0644 \u064a\u062f\u0639\u0645\u0643. \u0646\u062d\u0646 \u0646\u062c\u0645\u0639 \u0628\u064a\u0646 \u0627\u0644\u0631\u0639\u0627\u064a\u0629 \u0627\u0644\u0634\u062e\u0635\u064a\u0629 \u0648\u0627\u0644\u062e\u0628\u0631\u0629 \u0627\u0644\u0642\u0627\u0646\u0648\u0646\u064a\u0629 \u0644\u0636\u0645\u0627\u0646 \u0633\u064a\u0631 \u0645\u0633\u0627\u0639\u062f\u062a\u0643 \u0628\u0633\u0644\u0627\u0633\u0629 - \u0627\u0644\u064a\u0648\u0645 \u0648\u063a\u062f\u0627\u064b. \u0647\u0644 \u062a\u0631\u064a\u062f \u0645\u0639\u0631\u0641\u0629 \u0627\u0644\u0645\u0632\u064a\u062f\u061f \u0643\u0644 \u062d\u0627\u0644\u0629 \u0641\u0631\u064a\u062f\u0629 \u0645\u0646 \u0646\u0648\u0639\u0647\u0627. \u0633\u0648\u0627\u0621 \u0643\u0627\u0646\u062a \u0644\u062f\u064a\u0643 \u0623\u0633\u0626\u0644\u0629 \u062d\u0648\u0644 \u0627\u0644\u0645\u0633\u0627\u0626\u0644 \u0627\u0644\u0642\u0627\u0646\u0648\u0646\u064a\u0629\u060c \u0623\u0648 \u0627\u0644\u062a\u0648\u0638\u064a\u0641\u060c \u0623\u0648 \u0643\u064a\u0641\u064a\u0629 [...].<\/p>","protected":false},"author":1,"featured_media":0,"parent":0,"menu_order":1,"comment_status":"closed","ping_status":"closed","template":"","meta":{"_acf_changed":true,"inline_featured_image":false,"footnotes":""},"class_list":["post-21","page","type-page","status-publish","hentry"],"acf":[],"yoast_head":"<!-- This site is optimized with the Yoast SEO plugin v26.6 - https:\/\/yoast.com\/wordpress\/plugins\/seo\/ -->\n<title>V\u00e5rt erbjudande - Ashur Assistans AB<\/title>\n<meta name=\"robots\" content=\"index, follow, max-snippet:-1, max-image-preview:large, max-video-preview:-1\" \/>\n<link rel=\"canonical\" href=\"https:\/\/ashurassistans.se\/ar\/vart-erbjudande\/\" \/>\n<meta property=\"og:locale\" content=\"ar_AR\" \/>\n<meta property=\"og:type\" content=\"article\" \/>\n<meta property=\"og:title\" content=\"V\u00e5rt erbjudande - Ashur Assistans AB\" \/>\n<meta property=\"og:description\" content=\"V\u00c5RA TJ\u00c4NSTER Hos oss f\u00e5r du inte bara en assistent, du f\u00e5r ett helt team i ryggen. Vi kombinerar personlig omsorg med juridisk expertis f\u00f6r att s\u00e4kerst\u00e4lla att din assistans fungerar friktionsfritt \u2013 idag och imorgon. Vill du veta mer? Varje situation \u00e4r unik. Oavsett om du har fr\u00e5gor om juridik, rekrytering eller hur ett [&hellip;]\" \/>\n<meta property=\"og:url\" content=\"https:\/\/ashurassistans.se\/ar\/vart-erbjudande\/\" \/>\n<meta property=\"og:site_name\" content=\"Ashur Assistans AB\" \/>\n<meta property=\"article:modified_time\" content=\"2025-12-19T11:22:39+00:00\" \/>\n<meta property=\"og:image\" content=\"https:\/\/ashurassistans.se\/wp-content\/uploads\/2025\/12\/site_img.webp\" \/>\n\t<meta property=\"og:image:width\" content=\"1200\" \/>\n\t<meta property=\"og:image:height\" content=\"675\" \/>\n\t<meta property=\"og:image:type\" content=\"image\/webp\" \/>\n<meta name=\"twitter:card\" content=\"summary_large_image\" \/>\n<meta name=\"twitter:label1\" content=\"Est. reading time\" \/>\n\t<meta name=\"twitter:data1\" content=\"\u062f\u0642\u064a\u0642\u0629 \u0648\u0627\u062d\u062f\u0629\" \/>\n<script type=\"application\/ld+json\" class=\"yoast-schema-graph\">{\"@context\":\"https:\/\/schema.org\",\"@graph\":[{\"@type\":\"WebPage\",\"@id\":\"https:\/\/ashurassistans.se\/vart-erbjudande\/\",\"url\":\"https:\/\/ashurassistans.se\/vart-erbjudande\/\",\"name\":\"V\u00e5rt erbjudande - Ashur Assistans AB\",\"isPartOf\":{\"@id\":\"https:\/\/ashurassistans.se\/#website\"},\"datePublished\":\"2025-12-03T10:23:44+00:00\",\"dateModified\":\"2025-12-19T11:22:39+00:00\",\"breadcrumb\":{\"@id\":\"https:\/\/ashurassistans.se\/vart-erbjudande\/#breadcrumb\"},\"inLanguage\":\"ar\",\"potentialAction\":[{\"@type\":\"ReadAction\",\"target\":[\"https:\/\/ashurassistans.se\/vart-erbjudande\/\"]}]},{\"@type\":\"BreadcrumbList\",\"@id\":\"https:\/\/ashurassistans.se\/vart-erbjudande\/#breadcrumb\",\"itemListElement\":[{\"@type\":\"ListItem\",\"position\":1,\"name\":\"Home\",\"item\":\"https:\/\/ashurassistans.se\/\"},{\"@type\":\"ListItem\",\"position\":2,\"name\":\"V\u00e5rt erbjudande\"}]},{\"@type\":\"WebSite\",\"@id\":\"https:\/\/ashurassistans.se\/#website\",\"url\":\"https:\/\/ashurassistans.se\/\",\"name\":\"Ashur Assistans AB\",\"description\":\"\",\"publisher\":{\"@id\":\"https:\/\/ashurassistans.se\/#organization\"},\"potentialAction\":[{\"@type\":\"SearchAction\",\"target\":{\"@type\":\"EntryPoint\",\"urlTemplate\":\"https:\/\/ashurassistans.se\/?s={search_term_string}\"},\"query-input\":{\"@type\":\"PropertyValueSpecification\",\"valueRequired\":true,\"valueName\":\"search_term_string\"}}],\"inLanguage\":\"ar\"},{\"@type\":[\"Organization\",\"Place\"],\"@id\":\"https:\/\/ashurassistans.se\/#organization\",\"name\":\"Ashur Assistans AB\",\"url\":\"https:\/\/ashurassistans.se\/\",\"logo\":{\"@id\":\"https:\/\/ashurassistans.se\/vart-erbjudande\/#local-main-organization-logo\"},\"image\":{\"@id\":\"https:\/\/ashurassistans.se\/vart-erbjudande\/#local-main-organization-logo\"},\"address\":{\"@id\":\"https:\/\/ashurassistans.se\/vart-erbjudande\/#local-main-place-address\"},\"geo\":{\"@type\":\"GeoCoordinates\",\"latitude\":\"55.47081107776122\",\"longitude\":\"13.499435677355859\"},\"telephone\":[\"0105164640\"],\"openingHoursSpecification\":{\"@type\":\"OpeningHoursSpecification\",\"dayOfWeek\":[\"Monday\",\"Tuesday\",\"Wednesday\",\"Thursday\",\"Friday\",\"Saturday\",\"Sunday\"],\"opens\":\"00:00\",\"closes\":\"23:59\"},\"email\":\"info@ashurassistans.se\"},{\"@type\":\"PostalAddress\",\"@id\":\"https:\/\/ashurassistans.se\/vart-erbjudande\/#local-main-place-address\",\"streetAddress\":\"G\u00f6talandsgatan 3\",\"addressLocality\":\"Skurup\",\"postalCode\":\"274 33\",\"addressCountry\":\"SE\"},{\"@type\":\"ImageObject\",\"inLanguage\":\"ar\",\"@id\":\"https:\/\/ashurassistans.se\/vart-erbjudande\/#local-main-organization-logo\",\"url\":\"https:\/\/ashurassistans.se\/wp-content\/uploads\/2025\/12\/org_logo.webp\",\"contentUrl\":\"https:\/\/ashurassistans.se\/wp-content\/uploads\/2025\/12\/org_logo.webp\",\"width\":696,\"height\":696,\"caption\":\"Ashur Assistans AB\"}]}<\/script>\n<meta name=\"geo.placename\" content=\"Skurup\" \/>\n<meta name=\"geo.position\" content=\"55.47081107776122;13.499435677355859\" \/>\n<meta name=\"geo.region\" content=\"\u0627\u0644\u0633\u0648\u064a\u062f\" \/>\n<!-- \/ Yoast SEO plugin. -->","yoast_head_json":{"title":"\u0639\u0631\u0636\u0646\u0627 - Ashur Assistans AB","robots":{"index":"index","follow":"follow","max-snippet":"max-snippet:-1","max-image-preview":"max-image-preview:large","max-video-preview":"max-video-preview:-1"},"canonical":"https:\/\/ashurassistans.se\/ar\/vart-erbjudande\/","og_locale":"ar_AR","og_type":"article","og_title":"V\u00e5rt erbjudande - Ashur Assistans AB","og_description":"V\u00c5RA TJ\u00c4NSTER Hos oss f\u00e5r du inte bara en assistent, du f\u00e5r ett helt team i ryggen. Vi kombinerar personlig omsorg med juridisk expertis f\u00f6r att s\u00e4kerst\u00e4lla att din assistans fungerar friktionsfritt \u2013 idag och imorgon. Vill du veta mer? Varje situation \u00e4r unik. Oavsett om du har fr\u00e5gor om juridik, rekrytering eller hur ett [&hellip;]","og_url":"https:\/\/ashurassistans.se\/ar\/vart-erbjudande\/","og_site_name":"Ashur Assistans AB","article_modified_time":"2025-12-19T11:22:39+00:00","og_image":[{"width":1200,"height":675,"url":"https:\/\/ashurassistans.se\/wp-content\/uploads\/2025\/12\/site_img.webp","type":"image\/webp"}],"twitter_card":"summary_large_image","twitter_misc":{"Est. reading time":"\u062f\u0642\u064a\u0642\u0629 \u0648\u0627\u062d\u062f\u0629"},"schema":{"@context":"https:\/\/schema.org","@graph":[{"@type":"WebPage","@id":"https:\/\/ashurassistans.se\/vart-erbjudande\/","url":"https:\/\/ashurassistans.se\/vart-erbjudande\/","name":"\u0639\u0631\u0636\u0646\u0627 - Ashur Assistans AB","isPartOf":{"@id":"https:\/\/ashurassistans.se\/#website"},"datePublished":"2025-12-03T10:23:44+00:00","dateModified":"2025-12-19T11:22:39+00:00","breadcrumb":{"@id":"https:\/\/ashurassistans.se\/vart-erbjudande\/#breadcrumb"},"inLanguage":"ar","potentialAction":[{"@type":"ReadAction","target":["https:\/\/ashurassistans.se\/vart-erbjudande\/"]}]},{"@type":"BreadcrumbList","@id":"https:\/\/ashurassistans.se\/vart-erbjudande\/#breadcrumb","itemListElement":[{"@type":"ListItem","position":1,"name":"Home","item":"https:\/\/ashurassistans.se\/"},{"@type":"ListItem","position":2,"name":"V\u00e5rt erbjudande"}]},{"@type":"WebSite","@id":"https:\/\/ashurassistans.se\/#website","url":"https:\/\/ashurassistans.se\/","name":"Ashur Assistans AB","description":"","publisher":{"@id":"https:\/\/ashurassistans.se\/#organization"},"potentialAction":[{"@type":"SearchAction","target":{"@type":"EntryPoint","urlTemplate":"https:\/\/ashurassistans.se\/?s={search_term_string}"},"query-input":{"@type":"PropertyValueSpecification","valueRequired":true,"valueName":"search_term_string"}}],"inLanguage":"ar"},{"@type":["Organization","Place"],"@id":"https:\/\/ashurassistans.se\/#organization","name":"Ashur Assistans AB","url":"https:\/\/ashurassistans.se\/","logo":{"@id":"https:\/\/ashurassistans.se\/vart-erbjudande\/#local-main-organization-logo"},"image":{"@id":"https:\/\/ashurassistans.se\/vart-erbjudande\/#local-main-organization-logo"},"address":{"@id":"https:\/\/ashurassistans.se\/vart-erbjudande\/#local-main-place-address"},"geo":{"@type":"GeoCoordinates","latitude":"55.47081107776122","longitude":"13.499435677355859"},"telephone":["0105164640"],"openingHoursSpecification":{"@type":"OpeningHoursSpecification","dayOfWeek":["Monday","Tuesday","Wednesday","Thursday","Friday","Saturday","Sunday"],"opens":"00:00","closes":"23:59"},"email":"info@ashurassistans.se"},{"@type":"PostalAddress","@id":"https:\/\/ashurassistans.se\/vart-erbjudande\/#local-main-place-address","streetAddress":"G\u00f6talandsgatan 3","addressLocality":"Skurup","postalCode":"274 33","addressCountry":"SE"},{"@type":"ImageObject","inLanguage":"ar","@id":"https:\/\/ashurassistans.se\/vart-erbjudande\/#local-main-organization-logo","url":"https:\/\/ashurassistans.se\/wp-content\/uploads\/2025\/12\/org_logo.webp","contentUrl":"https:\/\/ashurassistans.se\/wp-content\/uploads\/2025\/12\/org_logo.webp","width":696,"height":696,"caption":"Ashur Assistans AB"}]},"geo.placename":"Skurup","geo.position":{"lat":"55.47081107776122","long":"13.499435677355859"},"geo.region":"\u0627\u0644\u0633\u0648\u064a\u062f"},"_links":{"self":[{"href":"https:\/\/ashurassistans.se\/ar\/wp-json\/wp\/v2\/pages\/21","targetHints":{"allow":["GET"]}}],"collection":[{"href":"https:\/\/ashurassistans.se\/ar\/wp-json\/wp\/v2\/pages"}],"about":[{"href":"https:\/\/ashurassistans.se\/ar\/wp-json\/wp\/v2\/types\/page"}],"author":[{"embeddable":true,"href":"https:\/\/ashurassistans.se\/ar\/wp-json\/wp\/v2\/users\/1"}],"replies":[{"embeddable":true,"href":"https:\/\/ashurassistans.se\/ar\/wp-json\/wp\/v2\/comments?post=21"}],"version-history":[{"count":0,"href":"https:\/\/ashurassistans.se\/ar\/wp-json\/wp\/v2\/pages\/21\/revisions"}],"wp:attachment":[{"href":"https:\/\/ashurassistans.se\/ar\/wp-json\/wp\/v2\/media?parent=21"}],"curies":[{"name":"\u062f\u0628\u0644\u064a\u0648 \u0628\u064a","href":"https:\/\/api.w.org\/{rel}","templated":true}]}}